{"id":865,"date":"2023-05-19T16:13:03","date_gmt":"2023-05-19T14:13:03","guid":{"rendered":"https:\/\/eicks.de\/?page_id=865"},"modified":"2023-05-19T16:29:31","modified_gmt":"2023-05-19T14:29:31","slug":"nach-dem-sturm","status":"publish","type":"page","link":"https:\/\/eicks.de\/index.php\/kreative-fotografie\/nach-dem-sturm\/","title":{"rendered":"Nach dem Sturm"},"content":{"rendered":"\n<p>Ich bin im Rheinland aufgewachsen und habe, bevor ich 2014 nach Hamburg kam, etwa 10 Jahre in Bayern gelebt. Neu in Hamburg sind mir hier zwei Dinge aufgefallen:<\/p>\n\n\n\n<ol class=\"wp-block-list\">\n<li>In Hamburg gibt es viel starken Wind.<\/li>\n\n\n\n<li>Nach einem st\u00fcrmischen Tag stecken in vielen Abfalleimern kaputte Regenschirme.<\/li>\n<\/ol>\n\n\n\n<p>Seit ein paar Jahren fotografiere ich diese Regenschirme, denn sie sind ein Teil meines Bildes von Hamburg. Am Anfang stellte ich mir vorwiegend die Frage, ob ein Regenschirm \u00fcberhaupt geeignet ist, jemanden bei Sturm vor Regen zu sch\u00fctzen oder ob ein Regenmantel nicht vielleicht besser geeignet w\u00e4re. Im Laufe der Zeit stellten sich immer mehr Fragen ein:<\/p>\n\n\n\n<ul class=\"wp-block-list\">\n<li>Welche Chancen haben wir Menschen \u00fcberhaupt gegen die Natur(gewalten)?<\/li>\n\n\n\n<li>Versuchen wir uns mit Wegwerfprodukten vor den Naturgewalten zu sch\u00fctzen?<\/li>\n\n\n\n<li>Ist ein Regenschirm \u00fcberhaupt ein Wegwerfprodukt wie ein St\u00fcck K\u00fcchenrolle oder ein Einwegbesteck?<\/li>\n\n\n\n<li>Ist ein Regenschirm nicht eigentlich viel zu komplex und materialintensiv, um ihn einfach nach jedem heftigen Wind zu entsorgen?<\/li>\n\n\n\n<li>Gibt es Sturm-sichere Regenschirme?<\/li>\n\n\n\n<li>Was glauben wir, womit wir uns gegen andere Naturph\u00e4nomene sch\u00fctzen k\u00f6nnen? Zum Beispiel gegen eine \u00dcberflutung? Immerhin steigen ja die Meeresspiegel\u2026<\/li>\n<\/ul>\n\n\n\n<p><em>W\u00e4hrend des kalten Krieges glaubte man, in einem Bunker mit Jod-Tabletten und anderem Schnickschnack im Falle eines atomaren Angriffes \u00fcberleben zu k\u00f6nnen. Heute wissen wir, dass dies Quatsch ist. (Die <a href=\"https:\/\/www.unter-hamburg.de\/bunker\/\" data-type=\"URL\" data-id=\"https:\/\/www.unter-hamburg.de\/bunker\/\">F\u00fchrung im Tiefbunker am Berliner Tor durch den Verein &#8220;unter hamburg e.V.&#8221;<\/a> ist sehr zu empfehlen!)<\/em><\/p>\n\n\n\n<p>In den 90er Jahren sah ich einen Fernsehbeitrag in dem es darum ging, dass man durch die Architektur Winde in der Stadt beeinflussen kann. Je nach Bauart des Hauses wird der Wind in den Stra\u00dfen gelenkt, abgeschw\u00e4cht oder intensiviert. Das kann man berechnen &#8211; zumindest sagte man das in der Sendung vor etwa 40 Jahren. Ist das Thema Wind heute immer noch in der Architektur von Bedeutung?<\/p>\n\n\n\n<p><em>Am Channel-Tower in Harburg (Baujahr 2001-03, Karnapp, Ecke Schellerdamm) gibt es ein paar Quadratmeter. Michael Eicks vermutet, dass dort noch nie ein Tropfen Regen hingefallen ist, weil es an der Ecke immer stark zieht und der Regen weggepustet wird.<br>Im Luna-Center in Wilhelmsburg (Baujahr: 2012-14) wird eine von f\u00fcnf elektrischen Eingangst\u00fcren bei Sturm abgeschlossen.<\/em><\/p>\n\n\n\n<p>Schauen wir uns heute mal im \u00f6ffentlichen Raum um: Stra\u00dfenb\u00e4ume werden immer seltener, denn sie ben\u00f6tigen Pflege, &#8220;verschmutzen&#8221; unsere sch\u00f6nen Stra\u00dfen mit Laub und kosten daher Geld. Unser Klima wird immer hei\u00dfer. Ein wenig Schatten auf einem asphaltierten Platz w\u00e4re doch sicherlich in Zeiten der Klimaerw\u00e4rmung w\u00fcnschenswert. (Mal abgesehen von den anderen positiven Nebeneffekten von B\u00e4umen.)<\/p>\n\n\n\n<p>Vielleicht aber setzen wir auch den Regenschirm falsch ein und sollten ihn nur noch an hei\u00dfen, sonnigen Tagen nutzen, um ein wenig Schatten zu finden. Einen solchen Einsatz sollte ein normaler Regenschirm unbeschadet \u00fcberstehen.<\/p>\n\n\n\n<div class=\"wp-block-jetpack-slideshow aligncenter\" data-autoplay=\"true\" data-delay=\"3\" data-effect=\"slide\"><div class=\"wp-block-jetpack-slideshow_container swiper-container\"><ul class=\"wp-block-jetpack-slideshow_swiper-wrapper swiper-wrapper\"><li class=\"wp-block-jetpack-slideshow_slide swiper-slide\"><figure><img loading=\"lazy\" decoding=\"async\" width=\"683\" height=\"1024\" alt=\"\" class=\"wp-block-jetpack-slideshow_image wp-image-834\" data-id=\"834\" src=\"https:\/\/eicks.de\/wp-content\/uploads\/2023\/05\/1200_sturm_0001-683x1024.jpg\" srcset=\"https:\/\/eicks.de\/wp-content\/uploads\/2023\/05\/1200_sturm_0001-683x1024.jpg 683w, https:\/\/eicks.de\/wp-content\/uploads\/2023\/05\/1200_sturm_0001-200x300.jpg 200w, https:\/\/eicks.de\/wp-content\/uploads\/2023\/05\/1200_sturm_0001-768x1152.jpg 768w, https:\/\/eicks.de\/wp-content\/uploads\/2023\/05\/1200_sturm_0001.jpg 800w\" sizes=\"(max-width: 683px) 100vw, 683px\" \/><figcaption class=\"wp-block-jetpack-slideshow_caption gallery-caption\">Nach dem Sturm #21<\/figcaption><\/figure><\/li><li class=\"wp-block-jetpack-slideshow_slide swiper-slide\"><figure><img loading=\"lazy\" decoding=\"async\" width=\"1024\" height=\"683\" alt=\"\" class=\"wp-block-jetpack-slideshow_image wp-image-838\" data-id=\"838\" src=\"https:\/\/eicks.de\/wp-content\/uploads\/2023\/05\/1200_sturm_0067-1024x683.jpg\" srcset=\"https:\/\/eicks.de\/wp-content\/uploads\/2023\/05\/1200_sturm_0067-1024x683.jpg 1024w, https:\/\/eicks.de\/wp-content\/uploads\/2023\/05\/1200_sturm_0067-300x200.jpg 300w, https:\/\/eicks.de\/wp-content\/uploads\/2023\/05\/1200_sturm_0067-768x512.jpg 768w, https:\/\/eicks.de\/wp-content\/uploads\/2023\/05\/1200_sturm_0067.jpg 1200w\" sizes=\"(max-width: 767px) 89vw, (max-width: 1000px) 54vw, (max-width: 1071px) 543px, 580px\" \/><figcaption class=\"wp-block-jetpack-slideshow_caption gallery-caption\">Nach dem Sturm #18<\/figcaption><\/figure><\/li><li class=\"wp-block-jetpack-slideshow_slide swiper-slide\"><figure><img loading=\"lazy\" decoding=\"async\" width=\"683\" height=\"1024\" alt=\"\" class=\"wp-block-jetpack-slideshow_image wp-image-839\" data-id=\"839\" src=\"https:\/\/eicks.de\/wp-content\/uploads\/2023\/05\/1200_sturm_0070-683x1024.jpg\" srcset=\"https:\/\/eicks.de\/wp-content\/uploads\/2023\/05\/1200_sturm_0070-683x1024.jpg 683w, https:\/\/eicks.de\/wp-content\/uploads\/2023\/05\/1200_sturm_0070-200x300.jpg 200w, https:\/\/eicks.de\/wp-content\/uploads\/2023\/05\/1200_sturm_0070-768x1152.jpg 768w, https:\/\/eicks.de\/wp-content\/uploads\/2023\/05\/1200_sturm_0070.jpg 800w\" sizes=\"(max-width: 683px) 100vw, 683px\" \/><figcaption class=\"wp-block-jetpack-slideshow_caption gallery-caption\">Nach dem Sturm #17<\/figcaption><\/figure><\/li><li class=\"wp-block-jetpack-slideshow_slide swiper-slide\"><figure><img loading=\"lazy\" decoding=\"async\" width=\"683\" height=\"1024\" alt=\"\" class=\"wp-block-jetpack-slideshow_image wp-image-840\" data-id=\"840\" src=\"https:\/\/eicks.de\/wp-content\/uploads\/2023\/05\/1200_sturm_0071-683x1024.jpg\" srcset=\"https:\/\/eicks.de\/wp-content\/uploads\/2023\/05\/1200_sturm_0071-683x1024.jpg 683w, https:\/\/eicks.de\/wp-content\/uploads\/2023\/05\/1200_sturm_0071-200x300.jpg 200w, https:\/\/eicks.de\/wp-content\/uploads\/2023\/05\/1200_sturm_0071-768x1152.jpg 768w, https:\/\/eicks.de\/wp-content\/uploads\/2023\/05\/1200_sturm_0071-rotated.jpg 800w\" sizes=\"(max-width: 683px) 100vw, 683px\" \/><figcaption class=\"wp-block-jetpack-slideshow_caption gallery-caption\">Nach dem Sturm #16<\/figcaption><\/figure><\/li><li class=\"wp-block-jetpack-slideshow_slide swiper-slide\"><figure><img loading=\"lazy\" decoding=\"async\" width=\"683\" height=\"1024\" alt=\"\" class=\"wp-block-jetpack-slideshow_image wp-image-841\" data-id=\"841\" src=\"https:\/\/eicks.de\/wp-content\/uploads\/2023\/05\/1200_sturm_0072-683x1024.jpg\" srcset=\"https:\/\/eicks.de\/wp-content\/uploads\/2023\/05\/1200_sturm_0072-683x1024.jpg 683w, https:\/\/eicks.de\/wp-content\/uploads\/2023\/05\/1200_sturm_0072-200x300.jpg 200w, https:\/\/eicks.de\/wp-content\/uploads\/2023\/05\/1200_sturm_0072-768x1152.jpg 768w, https:\/\/eicks.de\/wp-content\/uploads\/2023\/05\/1200_sturm_0072.jpg 800w\" sizes=\"(max-width: 683px) 100vw, 683px\" \/><figcaption class=\"wp-block-jetpack-slideshow_caption gallery-caption\">Nach dem Sturm #15<\/figcaption><\/figure><\/li><li class=\"wp-block-jetpack-slideshow_slide swiper-slide\"><figure><img loading=\"lazy\" decoding=\"async\" width=\"1024\" height=\"683\" alt=\"\" class=\"wp-block-jetpack-slideshow_image wp-image-842\" data-id=\"842\" src=\"https:\/\/eicks.de\/wp-content\/uploads\/2023\/05\/1200_sturm_0076-1024x683.jpg\" srcset=\"https:\/\/eicks.de\/wp-content\/uploads\/2023\/05\/1200_sturm_0076-1024x683.jpg 1024w, https:\/\/eicks.de\/wp-content\/uploads\/2023\/05\/1200_sturm_0076-300x200.jpg 300w, https:\/\/eicks.de\/wp-content\/uploads\/2023\/05\/1200_sturm_0076-768x512.jpg 768w, https:\/\/eicks.de\/wp-content\/uploads\/2023\/05\/1200_sturm_0076.jpg 1200w\" sizes=\"(max-width: 767px) 89vw, (max-width: 1000px) 54vw, (max-width: 1071px) 543px, 580px\" \/><figcaption class=\"wp-block-jetpack-slideshow_caption gallery-caption\">Nach dem Sturm #14<\/figcaption><\/figure><\/li><li class=\"wp-block-jetpack-slideshow_slide swiper-slide\"><figure><img loading=\"lazy\" decoding=\"async\" width=\"1024\" height=\"683\" alt=\"\" class=\"wp-block-jetpack-slideshow_image wp-image-843\" data-id=\"843\" src=\"https:\/\/eicks.de\/wp-content\/uploads\/2023\/05\/1200_sturm_0077-1024x683.jpg\" srcset=\"https:\/\/eicks.de\/wp-content\/uploads\/2023\/05\/1200_sturm_0077-1024x683.jpg 1024w, https:\/\/eicks.de\/wp-content\/uploads\/2023\/05\/1200_sturm_0077-300x200.jpg 300w, https:\/\/eicks.de\/wp-content\/uploads\/2023\/05\/1200_sturm_0077-768x512.jpg 768w, https:\/\/eicks.de\/wp-content\/uploads\/2023\/05\/1200_sturm_0077.jpg 1200w\" sizes=\"(max-width: 767px) 89vw, (max-width: 1000px) 54vw, (max-width: 1071px) 543px, 580px\" \/><figcaption class=\"wp-block-jetpack-slideshow_caption gallery-caption\">Nach dem Sturm #13<\/figcaption><\/figure><\/li><li class=\"wp-block-jetpack-slideshow_slide swiper-slide\"><figure><img loading=\"lazy\" decoding=\"async\" width=\"683\" height=\"1024\" alt=\"\" class=\"wp-block-jetpack-slideshow_image wp-image-844\" data-id=\"844\" src=\"https:\/\/eicks.de\/wp-content\/uploads\/2023\/05\/1200_sturm_0079-683x1024.jpg\" srcset=\"https:\/\/eicks.de\/wp-content\/uploads\/2023\/05\/1200_sturm_0079-683x1024.jpg 683w, https:\/\/eicks.de\/wp-content\/uploads\/2023\/05\/1200_sturm_0079-200x300.jpg 200w, https:\/\/eicks.de\/wp-content\/uploads\/2023\/05\/1200_sturm_0079-768x1152.jpg 768w, https:\/\/eicks.de\/wp-content\/uploads\/2023\/05\/1200_sturm_0079.jpg 800w\" sizes=\"(max-width: 683px) 100vw, 683px\" \/><figcaption class=\"wp-block-jetpack-slideshow_caption gallery-caption\">Nach dem Sturm #12<\/figcaption><\/figure><\/li><li class=\"wp-block-jetpack-slideshow_slide swiper-slide\"><figure><img loading=\"lazy\" decoding=\"async\" width=\"1024\" height=\"682\" alt=\"\" class=\"wp-block-jetpack-slideshow_image wp-image-845\" data-id=\"845\" src=\"https:\/\/eicks.de\/wp-content\/uploads\/2023\/05\/1200_sturm_0092-1024x682.jpg\" srcset=\"https:\/\/eicks.de\/wp-content\/uploads\/2023\/05\/1200_sturm_0092-1024x682.jpg 1024w, https:\/\/eicks.de\/wp-content\/uploads\/2023\/05\/1200_sturm_0092-300x200.jpg 300w, https:\/\/eicks.de\/wp-content\/uploads\/2023\/05\/1200_sturm_0092-768x511.jpg 768w, https:\/\/eicks.de\/wp-content\/uploads\/2023\/05\/1200_sturm_0092.jpg 1200w\" sizes=\"(max-width: 767px) 89vw, (max-width: 1000px) 54vw, (max-width: 1071px) 543px, 580px\" \/><figcaption class=\"wp-block-jetpack-slideshow_caption gallery-caption\">Nach dem Sturm #11<\/figcaption><\/figure><\/li><li class=\"wp-block-jetpack-slideshow_slide swiper-slide\"><figure><img loading=\"lazy\" decoding=\"async\" width=\"682\" height=\"1024\" alt=\"\" class=\"wp-block-jetpack-slideshow_image wp-image-846\" data-id=\"846\" src=\"https:\/\/eicks.de\/wp-content\/uploads\/2023\/05\/1200_sturm_0094-682x1024.jpg\" srcset=\"https:\/\/eicks.de\/wp-content\/uploads\/2023\/05\/1200_sturm_0094-682x1024.jpg 682w, https:\/\/eicks.de\/wp-content\/uploads\/2023\/05\/1200_sturm_0094-200x300.jpg 200w, https:\/\/eicks.de\/wp-content\/uploads\/2023\/05\/1200_sturm_0094-768x1153.jpg 768w, https:\/\/eicks.de\/wp-content\/uploads\/2023\/05\/1200_sturm_0094.jpg 799w\" sizes=\"(max-width: 682px) 100vw, 682px\" \/><figcaption class=\"wp-block-jetpack-slideshow_caption gallery-caption\">Nach dem Sturm #10<\/figcaption><\/figure><\/li><li class=\"wp-block-jetpack-slideshow_slide swiper-slide\"><figure><img loading=\"lazy\" decoding=\"async\" width=\"682\" height=\"1024\" alt=\"\" class=\"wp-block-jetpack-slideshow_image wp-image-847\" data-id=\"847\" src=\"https:\/\/eicks.de\/wp-content\/uploads\/2023\/05\/1200_sturm_0096-682x1024.jpg\" srcset=\"https:\/\/eicks.de\/wp-content\/uploads\/2023\/05\/1200_sturm_0096-682x1024.jpg 682w, https:\/\/eicks.de\/wp-content\/uploads\/2023\/05\/1200_sturm_0096-200x300.jpg 200w, https:\/\/eicks.de\/wp-content\/uploads\/2023\/05\/1200_sturm_0096-768x1153.jpg 768w, https:\/\/eicks.de\/wp-content\/uploads\/2023\/05\/1200_sturm_0096.jpg 799w\" sizes=\"(max-width: 682px) 100vw, 682px\" \/><figcaption class=\"wp-block-jetpack-slideshow_caption gallery-caption\">Nach dem Sturm #09<\/figcaption><\/figure><\/li><li class=\"wp-block-jetpack-slideshow_slide swiper-slide\"><figure><img loading=\"lazy\" decoding=\"async\" width=\"682\" height=\"1024\" alt=\"\" class=\"wp-block-jetpack-slideshow_image wp-image-848\" data-id=\"848\" src=\"https:\/\/eicks.de\/wp-content\/uploads\/2023\/05\/1200_sturm_0098-682x1024.jpg\" srcset=\"https:\/\/eicks.de\/wp-content\/uploads\/2023\/05\/1200_sturm_0098-682x1024.jpg 682w, https:\/\/eicks.de\/wp-content\/uploads\/2023\/05\/1200_sturm_0098-200x300.jpg 200w, https:\/\/eicks.de\/wp-content\/uploads\/2023\/05\/1200_sturm_0098-768x1153.jpg 768w, https:\/\/eicks.de\/wp-content\/uploads\/2023\/05\/1200_sturm_0098.jpg 799w\" sizes=\"(max-width: 682px) 100vw, 682px\" \/><figcaption class=\"wp-block-jetpack-slideshow_caption gallery-caption\">Nach dem Sturm #08<\/figcaption><\/figure><\/li><li class=\"wp-block-jetpack-slideshow_slide swiper-slide\"><figure><img loading=\"lazy\" decoding=\"async\" width=\"682\" height=\"1024\" alt=\"\" class=\"wp-block-jetpack-slideshow_image wp-image-849\" data-id=\"849\" src=\"https:\/\/eicks.de\/wp-content\/uploads\/2023\/05\/1200_sturm_0103-682x1024.jpg\" srcset=\"https:\/\/eicks.de\/wp-content\/uploads\/2023\/05\/1200_sturm_0103-682x1024.jpg 682w, https:\/\/eicks.de\/wp-content\/uploads\/2023\/05\/1200_sturm_0103-200x300.jpg 200w, https:\/\/eicks.de\/wp-content\/uploads\/2023\/05\/1200_sturm_0103-768x1153.jpg 768w, https:\/\/eicks.de\/wp-content\/uploads\/2023\/05\/1200_sturm_0103.jpg 799w\" sizes=\"(max-width: 682px) 100vw, 682px\" \/><figcaption class=\"wp-block-jetpack-slideshow_caption gallery-caption\">Nach dem Sturm #07<\/figcaption><\/figure><\/li><li class=\"wp-block-jetpack-slideshow_slide swiper-slide\"><figure><img loading=\"lazy\" decoding=\"async\" width=\"768\" height=\"1024\" alt=\"\" class=\"wp-block-jetpack-slideshow_image wp-image-850\" data-id=\"850\" src=\"https:\/\/eicks.de\/wp-content\/uploads\/2023\/05\/1200_sturm_0104-768x1024.jpg\" srcset=\"https:\/\/eicks.de\/wp-content\/uploads\/2023\/05\/1200_sturm_0104-768x1024.jpg 768w, https:\/\/eicks.de\/wp-content\/uploads\/2023\/05\/1200_sturm_0104-225x300.jpg 225w, https:\/\/eicks.de\/wp-content\/uploads\/2023\/05\/1200_sturm_0104.jpg 900w\" sizes=\"(max-width: 767px) 89vw, (max-width: 1000px) 54vw, (max-width: 1071px) 543px, 580px\" \/><figcaption class=\"wp-block-jetpack-slideshow_caption gallery-caption\">Nach dem Sturm #06<\/figcaption><\/figure><\/li><li class=\"wp-block-jetpack-slideshow_slide swiper-slide\"><figure><img loading=\"lazy\" decoding=\"async\" width=\"768\" height=\"1024\" alt=\"\" class=\"wp-block-jetpack-slideshow_image wp-image-851\" data-id=\"851\" src=\"https:\/\/eicks.de\/wp-content\/uploads\/2023\/05\/1200_sturm_1076-768x1024.jpg\" srcset=\"https:\/\/eicks.de\/wp-content\/uploads\/2023\/05\/1200_sturm_1076-768x1024.jpg 768w, https:\/\/eicks.de\/wp-content\/uploads\/2023\/05\/1200_sturm_1076-225x300.jpg 225w, https:\/\/eicks.de\/wp-content\/uploads\/2023\/05\/1200_sturm_1076.jpg 900w\" sizes=\"(max-width: 767px) 89vw, (max-width: 1000px) 54vw, (max-width: 1071px) 543px, 580px\" \/><figcaption class=\"wp-block-jetpack-slideshow_caption gallery-caption\">Nach dem Sturm #05<\/figcaption><\/figure><\/li><li class=\"wp-block-jetpack-slideshow_slide swiper-slide\"><figure><img loading=\"lazy\" decoding=\"async\" width=\"768\" height=\"1024\" alt=\"\" class=\"wp-block-jetpack-slideshow_image wp-image-852\" data-id=\"852\" src=\"https:\/\/eicks.de\/wp-content\/uploads\/2023\/05\/1200_sturm_1165-768x1024.jpg\" srcset=\"https:\/\/eicks.de\/wp-content\/uploads\/2023\/05\/1200_sturm_1165-768x1024.jpg 768w, https:\/\/eicks.de\/wp-content\/uploads\/2023\/05\/1200_sturm_1165-225x300.jpg 225w, https:\/\/eicks.de\/wp-content\/uploads\/2023\/05\/1200_sturm_1165.jpg 900w\" sizes=\"(max-width: 767px) 89vw, (max-width: 1000px) 54vw, (max-width: 1071px) 543px, 580px\" \/><figcaption class=\"wp-block-jetpack-slideshow_caption gallery-caption\">Nach dem Sturm #04<\/figcaption><\/figure><\/li><li class=\"wp-block-jetpack-slideshow_slide swiper-slide\"><figure><img loading=\"lazy\" decoding=\"async\" width=\"1024\" height=\"681\" alt=\"\" class=\"wp-block-jetpack-slideshow_image wp-image-853\" data-id=\"853\" src=\"https:\/\/eicks.de\/wp-content\/uploads\/2023\/05\/1200_sturm_1185-1024x681.jpg\" srcset=\"https:\/\/eicks.de\/wp-content\/uploads\/2023\/05\/1200_sturm_1185-1024x681.jpg 1024w, https:\/\/eicks.de\/wp-content\/uploads\/2023\/05\/1200_sturm_1185-300x200.jpg 300w, https:\/\/eicks.de\/wp-content\/uploads\/2023\/05\/1200_sturm_1185-768x511.jpg 768w, https:\/\/eicks.de\/wp-content\/uploads\/2023\/05\/1200_sturm_1185.jpg 1200w\" sizes=\"(max-width: 767px) 89vw, (max-width: 1000px) 54vw, (max-width: 1071px) 543px, 580px\" \/><figcaption class=\"wp-block-jetpack-slideshow_caption gallery-caption\">Nach dem Sturm #03<\/figcaption><\/figure><\/li><li class=\"wp-block-jetpack-slideshow_slide swiper-slide\"><figure><img loading=\"lazy\" decoding=\"async\" width=\"1024\" height=\"681\" alt=\"\" class=\"wp-block-jetpack-slideshow_image wp-image-854\" data-id=\"854\" src=\"https:\/\/eicks.de\/wp-content\/uploads\/2023\/05\/1200_sturm_1186-1024x681.jpg\" srcset=\"https:\/\/eicks.de\/wp-content\/uploads\/2023\/05\/1200_sturm_1186-1024x681.jpg 1024w, https:\/\/eicks.de\/wp-content\/uploads\/2023\/05\/1200_sturm_1186-300x200.jpg 300w, https:\/\/eicks.de\/wp-content\/uploads\/2023\/05\/1200_sturm_1186-768x511.jpg 768w, https:\/\/eicks.de\/wp-content\/uploads\/2023\/05\/1200_sturm_1186.jpg 1200w\" sizes=\"(max-width: 767px) 89vw, (max-width: 1000px) 54vw, (max-width: 1071px) 543px, 580px\" \/><figcaption class=\"wp-block-jetpack-slideshow_caption gallery-caption\">Nach dem Sturm #02<\/figcaption><\/figure><\/li><li class=\"wp-block-jetpack-slideshow_slide swiper-slide\"><figure><img loading=\"lazy\" decoding=\"async\" width=\"1024\" height=\"681\" alt=\"\" class=\"wp-block-jetpack-slideshow_image wp-image-855\" data-id=\"855\" src=\"https:\/\/eicks.de\/wp-content\/uploads\/2023\/05\/1200_sturm_1187-1024x681.jpg\" srcset=\"https:\/\/eicks.de\/wp-content\/uploads\/2023\/05\/1200_sturm_1187-1024x681.jpg 1024w, https:\/\/eicks.de\/wp-content\/uploads\/2023\/05\/1200_sturm_1187-300x200.jpg 300w, https:\/\/eicks.de\/wp-content\/uploads\/2023\/05\/1200_sturm_1187-768x511.jpg 768w, https:\/\/eicks.de\/wp-content\/uploads\/2023\/05\/1200_sturm_1187.jpg 1200w\" sizes=\"(max-width: 767px) 89vw, (max-width: 1000px) 54vw, (max-width: 1071px) 543px, 580px\" \/><figcaption class=\"wp-block-jetpack-slideshow_caption gallery-caption\">Nach dem Sturm #01<\/figcaption><\/figure><\/li><\/ul><a class=\"wp-block-jetpack-slideshow_button-prev swiper-button-prev swiper-button-white\" role=\"button\"><\/a><a class=\"wp-block-jetpack-slideshow_button-next swiper-button-next swiper-button-white\" role=\"button\"><\/a><a aria-label=\"Pause Slideshow\" class=\"wp-block-jetpack-slideshow_button-pause\" role=\"button\"><\/a><div class=\"wp-block-jetpack-slideshow_pagination swiper-pagination swiper-pagination-white\"><\/div><\/div><\/div>\n","protected":false},"excerpt":{"rendered":"<p>Ich bin im Rheinland aufgewachsen und habe, bevor ich 2014 nach Hamburg kam, etwa 10 Jahre in Bayern gelebt. Neu in Hamburg sind mir hier zwei Dinge aufgefallen: Seit ein paar Jahren fotografiere ich diese Regenschirme, denn sie sind ein Teil meines Bildes von Hamburg. Am Anfang stellte ich mir vorwiegend die Frage, ob ein &hellip; <\/p>\n<p class=\"link-more\"><a href=\"https:\/\/eicks.de\/index.php\/kreative-fotografie\/nach-dem-sturm\/\" class=\"more-link\"><span class=\"screen-reader-text\">\u201eNach dem Sturm\u201c<\/span> weiterlesen<\/a><\/p>\n","protected":false},"author":1,"featured_media":0,"parent":705,"menu_order":1,"comment_status":"closed","ping_status":"closed","template":"","meta":{"footnotes":""},"class_list":["post-865","page","type-page","status-publish","hentry"],"jetpack_sharing_enabled":true,"_links":{"self":[{"href":"https:\/\/eicks.de\/index.php\/wp-json\/wp\/v2\/pages\/865"}],"collection":[{"href":"https:\/\/eicks.de\/index.php\/wp-json\/wp\/v2\/pages"}],"about":[{"href":"https:\/\/eicks.de\/index.php\/wp-json\/wp\/v2\/types\/page"}],"author":[{"embeddable":true,"href":"https:\/\/eicks.de\/index.php\/wp-json\/wp\/v2\/users\/1"}],"replies":[{"embeddable":true,"href":"https:\/\/eicks.de\/index.php\/wp-json\/wp\/v2\/comments?post=865"}],"version-history":[{"count":4,"href":"https:\/\/eicks.de\/index.php\/wp-json\/wp\/v2\/pages\/865\/revisions"}],"predecessor-version":[{"id":871,"href":"https:\/\/eicks.de\/index.php\/wp-json\/wp\/v2\/pages\/865\/revisions\/871"}],"up":[{"embeddable":true,"href":"https:\/\/eicks.de\/index.php\/wp-json\/wp\/v2\/pages\/705"}],"wp:attachment":[{"href":"https:\/\/eicks.de\/index.php\/wp-json\/wp\/v2\/media?parent=865"}],"curies":[{"name":"wp","href":"https:\/\/api.w.org\/{rel}","templated":true}]}}