{"id":806,"date":"2019-11-28T21:24:27","date_gmt":"2019-11-28T20:24:27","guid":{"rendered":"http:\/\/eicks.de\/?page_id=806"},"modified":"2019-11-28T21:35:12","modified_gmt":"2019-11-28T20:35:12","slug":"light-painting-mit-kindern","status":"publish","type":"page","link":"https:\/\/eicks.de\/index.php\/kreative-fotografie\/light-painting-mit-kindern\/","title":{"rendered":"Light Painting mit Kindern"},"content":{"rendered":"\n<div class=\"wp-block-jetpack-slideshow aligncenter\" data-autoplay=\"true\" data-delay=\"3\" data-effect=\"fade\"><div class=\"wp-block-jetpack-slideshow_container swiper-container\"><ul class=\"wp-block-jetpack-slideshow_swiper-wrapper swiper-wrapper\"><li class=\"wp-block-jetpack-slideshow_slide swiper-slide\"><figure><img loading=\"lazy\" decoding=\"async\" width=\"1200\" height=\"800\" alt=\"\" class=\"wp-block-jetpack-slideshow_image wp-image-805\" data-id=\"805\" src=\"http:\/\/eicks.de\/wp-content\/uploads\/2019\/11\/1200_20171019T203459.jpg\" srcset=\"https:\/\/eicks.de\/wp-content\/uploads\/2019\/11\/1200_20171019T203459.jpg 1200w, https:\/\/eicks.de\/wp-content\/uploads\/2019\/11\/1200_20171019T203459-300x200.jpg 300w, https:\/\/eicks.de\/wp-content\/uploads\/2019\/11\/1200_20171019T203459-1024x683.jpg 1024w, https:\/\/eicks.de\/wp-content\/uploads\/2019\/11\/1200_20171019T203459-768x512.jpg 768w\" sizes=\"(max-width: 767px) 89vw, (max-width: 1000px) 54vw, (max-width: 1071px) 543px, 580px\" \/><\/figure><\/li><li class=\"wp-block-jetpack-slideshow_slide swiper-slide\"><figure><img loading=\"lazy\" decoding=\"async\" width=\"1200\" height=\"800\" alt=\"\" class=\"wp-block-jetpack-slideshow_image wp-image-804\" data-id=\"804\" src=\"http:\/\/eicks.de\/wp-content\/uploads\/2019\/11\/1200_20171019T202801.jpg\" srcset=\"https:\/\/eicks.de\/wp-content\/uploads\/2019\/11\/1200_20171019T202801.jpg 1200w, https:\/\/eicks.de\/wp-content\/uploads\/2019\/11\/1200_20171019T202801-300x200.jpg 300w, https:\/\/eicks.de\/wp-content\/uploads\/2019\/11\/1200_20171019T202801-1024x683.jpg 1024w, https:\/\/eicks.de\/wp-content\/uploads\/2019\/11\/1200_20171019T202801-768x512.jpg 768w\" sizes=\"(max-width: 767px) 89vw, (max-width: 1000px) 54vw, (max-width: 1071px) 543px, 580px\" \/><\/figure><\/li><li class=\"wp-block-jetpack-slideshow_slide swiper-slide\"><figure><img loading=\"lazy\" decoding=\"async\" width=\"1200\" height=\"800\" alt=\"\" class=\"wp-block-jetpack-slideshow_image wp-image-803\" data-id=\"803\" src=\"http:\/\/eicks.de\/wp-content\/uploads\/2019\/11\/1200_20171017T201508.jpg\" srcset=\"https:\/\/eicks.de\/wp-content\/uploads\/2019\/11\/1200_20171017T201508.jpg 1200w, https:\/\/eicks.de\/wp-content\/uploads\/2019\/11\/1200_20171017T201508-300x200.jpg 300w, https:\/\/eicks.de\/wp-content\/uploads\/2019\/11\/1200_20171017T201508-1024x683.jpg 1024w, https:\/\/eicks.de\/wp-content\/uploads\/2019\/11\/1200_20171017T201508-768x512.jpg 768w\" sizes=\"(max-width: 767px) 89vw, (max-width: 1000px) 54vw, (max-width: 1071px) 543px, 580px\" \/><\/figure><\/li><li class=\"wp-block-jetpack-slideshow_slide swiper-slide\"><figure><img loading=\"lazy\" decoding=\"async\" width=\"1200\" height=\"800\" alt=\"\" class=\"wp-block-jetpack-slideshow_image wp-image-802\" data-id=\"802\" src=\"http:\/\/eicks.de\/wp-content\/uploads\/2019\/11\/1200_20171017T200628.jpg\" srcset=\"https:\/\/eicks.de\/wp-content\/uploads\/2019\/11\/1200_20171017T200628.jpg 1200w, https:\/\/eicks.de\/wp-content\/uploads\/2019\/11\/1200_20171017T200628-300x200.jpg 300w, https:\/\/eicks.de\/wp-content\/uploads\/2019\/11\/1200_20171017T200628-1024x683.jpg 1024w, https:\/\/eicks.de\/wp-content\/uploads\/2019\/11\/1200_20171017T200628-768x512.jpg 768w\" sizes=\"(max-width: 767px) 89vw, (max-width: 1000px) 54vw, (max-width: 1071px) 543px, 580px\" \/><\/figure><\/li><li class=\"wp-block-jetpack-slideshow_slide swiper-slide\"><figure><img loading=\"lazy\" decoding=\"async\" width=\"1200\" height=\"800\" alt=\"\" class=\"wp-block-jetpack-slideshow_image wp-image-801\" data-id=\"801\" src=\"http:\/\/eicks.de\/wp-content\/uploads\/2019\/11\/1200_20171017T195815.jpg\" srcset=\"https:\/\/eicks.de\/wp-content\/uploads\/2019\/11\/1200_20171017T195815.jpg 1200w, https:\/\/eicks.de\/wp-content\/uploads\/2019\/11\/1200_20171017T195815-300x200.jpg 300w, https:\/\/eicks.de\/wp-content\/uploads\/2019\/11\/1200_20171017T195815-1024x683.jpg 1024w, https:\/\/eicks.de\/wp-content\/uploads\/2019\/11\/1200_20171017T195815-768x512.jpg 768w\" sizes=\"(max-width: 767px) 89vw, (max-width: 1000px) 54vw, (max-width: 1071px) 543px, 580px\" \/><\/figure><\/li><li class=\"wp-block-jetpack-slideshow_slide swiper-slide\"><figure><img loading=\"lazy\" decoding=\"async\" width=\"1200\" height=\"800\" alt=\"\" class=\"wp-block-jetpack-slideshow_image wp-image-800\" data-id=\"800\" src=\"http:\/\/eicks.de\/wp-content\/uploads\/2019\/11\/1200_20171016T200113.jpg\" srcset=\"https:\/\/eicks.de\/wp-content\/uploads\/2019\/11\/1200_20171016T200113.jpg 1200w, https:\/\/eicks.de\/wp-content\/uploads\/2019\/11\/1200_20171016T200113-300x200.jpg 300w, https:\/\/eicks.de\/wp-content\/uploads\/2019\/11\/1200_20171016T200113-1024x683.jpg 1024w, https:\/\/eicks.de\/wp-content\/uploads\/2019\/11\/1200_20171016T200113-768x512.jpg 768w\" sizes=\"(max-width: 767px) 89vw, (max-width: 1000px) 54vw, (max-width: 1071px) 543px, 580px\" \/><\/figure><\/li><li class=\"wp-block-jetpack-slideshow_slide swiper-slide\"><figure><img loading=\"lazy\" decoding=\"async\" width=\"1200\" height=\"800\" alt=\"\" class=\"wp-block-jetpack-slideshow_image wp-image-799\" data-id=\"799\" src=\"http:\/\/eicks.de\/wp-content\/uploads\/2019\/11\/1200_20171015T194419.jpg\" srcset=\"https:\/\/eicks.de\/wp-content\/uploads\/2019\/11\/1200_20171015T194419.jpg 1200w, https:\/\/eicks.de\/wp-content\/uploads\/2019\/11\/1200_20171015T194419-300x200.jpg 300w, https:\/\/eicks.de\/wp-content\/uploads\/2019\/11\/1200_20171015T194419-1024x683.jpg 1024w, https:\/\/eicks.de\/wp-content\/uploads\/2019\/11\/1200_20171015T194419-768x512.jpg 768w\" sizes=\"(max-width: 767px) 89vw, (max-width: 1000px) 54vw, (max-width: 1071px) 543px, 580px\" \/><\/figure><\/li><li class=\"wp-block-jetpack-slideshow_slide swiper-slide\"><figure><img loading=\"lazy\" decoding=\"async\" width=\"1200\" height=\"800\" alt=\"\" class=\"wp-block-jetpack-slideshow_image wp-image-798\" data-id=\"798\" src=\"http:\/\/eicks.de\/wp-content\/uploads\/2019\/11\/1200_20161027T204717.jpg\" srcset=\"https:\/\/eicks.de\/wp-content\/uploads\/2019\/11\/1200_20161027T204717.jpg 1200w, https:\/\/eicks.de\/wp-content\/uploads\/2019\/11\/1200_20161027T204717-300x200.jpg 300w, https:\/\/eicks.de\/wp-content\/uploads\/2019\/11\/1200_20161027T204717-1024x683.jpg 1024w, https:\/\/eicks.de\/wp-content\/uploads\/2019\/11\/1200_20161027T204717-768x512.jpg 768w\" sizes=\"(max-width: 767px) 89vw, (max-width: 1000px) 54vw, (max-width: 1071px) 543px, 580px\" \/><\/figure><\/li><li class=\"wp-block-jetpack-slideshow_slide swiper-slide\"><figure><img loading=\"lazy\" decoding=\"async\" width=\"1200\" height=\"800\" alt=\"\" class=\"wp-block-jetpack-slideshow_image wp-image-797\" data-id=\"797\" src=\"http:\/\/eicks.de\/wp-content\/uploads\/2019\/11\/1200_20161025T201438.jpg\" srcset=\"https:\/\/eicks.de\/wp-content\/uploads\/2019\/11\/1200_20161025T201438.jpg 1200w, https:\/\/eicks.de\/wp-content\/uploads\/2019\/11\/1200_20161025T201438-300x200.jpg 300w, https:\/\/eicks.de\/wp-content\/uploads\/2019\/11\/1200_20161025T201438-1024x683.jpg 1024w, https:\/\/eicks.de\/wp-content\/uploads\/2019\/11\/1200_20161025T201438-768x512.jpg 768w\" sizes=\"(max-width: 767px) 89vw, (max-width: 1000px) 54vw, (max-width: 1071px) 543px, 580px\" \/><\/figure><\/li><li class=\"wp-block-jetpack-slideshow_slide swiper-slide\"><figure><img loading=\"lazy\" decoding=\"async\" width=\"1200\" height=\"800\" alt=\"\" class=\"wp-block-jetpack-slideshow_image wp-image-796\" data-id=\"796\" src=\"http:\/\/eicks.de\/wp-content\/uploads\/2019\/11\/1200_20161024T210608.jpg\" srcset=\"https:\/\/eicks.de\/wp-content\/uploads\/2019\/11\/1200_20161024T210608.jpg 1200w, https:\/\/eicks.de\/wp-content\/uploads\/2019\/11\/1200_20161024T210608-300x200.jpg 300w, https:\/\/eicks.de\/wp-content\/uploads\/2019\/11\/1200_20161024T210608-1024x683.jpg 1024w, https:\/\/eicks.de\/wp-content\/uploads\/2019\/11\/1200_20161024T210608-768x512.jpg 768w\" sizes=\"(max-width: 767px) 89vw, (max-width: 1000px) 54vw, (max-width: 1071px) 543px, 580px\" \/><\/figure><\/li><\/ul><a class=\"wp-block-jetpack-slideshow_button-prev swiper-button-prev swiper-button-white\" role=\"button\"><\/a><a class=\"wp-block-jetpack-slideshow_button-next swiper-button-next swiper-button-white\" role=\"button\"><\/a><a aria-label=\"Pause Slideshow\" class=\"wp-block-jetpack-slideshow_button-pause\" role=\"button\"><\/a><div class=\"wp-block-jetpack-slideshow_pagination swiper-pagination swiper-pagination-white\"><\/div><\/div><\/div>\n\n\n\n<p>&#8220;Das soll Light Painting&#8221; sein? &#8211; Nein, soll es nicht.  Light Painting Bilder sind (in der Regel) genau geplant. Es gibt, im besten Fall, ein Drehbuch, welche Bewegung, wann, wie lange und wie genau ausgef\u00fchrt wird. Beim Dr\u00fccken des Ausl\u00f6sers startet dann das Beleuchtungsprogramm.<\/p>\n\n\n\n<p>Das Einzige, was bei meinen Fotos geplant war, ist die Aufnahmeposition. Die Lichtspuren sind gr\u00f6\u00dftenteils dem Zufall \u00fcberlassen. Wie das? Ein Beitrag zum Thema &#8220;familienfreundliche Fotografie&#8221;&#8230;<\/p>\n\n\n\n<p>Urlaub mit den Kindern. Sobald die abends aufgegessen haben, fangen sie an nervige Sachen im Restaurant zu treiben. Damit man sich als Eltern nicht zu sehr sch\u00e4men muss und die anderen G\u00e4ste in Ruhe ihr Essen genie\u00dfen k\u00f6nnen, waren die Fotografien als Zeit\u00fcberbr\u00fcckung, Ablenkung und Spa\u00df gedacht.<\/p>\n\n\n\n<p>Jedes Kind &#8211; mit einer Taschenlampe ausgestattet &#8211; entwickelt zu abendlicher Stunde noch einmal ein enormes Aktionspotential. Problemlos laufen sie auch f\u00fcnf-, sechsmal oder noch \u00f6fters durch das Bild, fuchteln wild mit den Lampen rum und machen dabei Star Wars Ger\u00e4usche. Nach jeder Aufnahme sollte diese <strong>gemeinsam<\/strong> auf dem Kameradisplay begutachtet und Verbesserungen f\u00fcr den n\u00e4chsten Versuch besprochen werden.<\/p>\n\n\n\n<p>&#8230; und am Ende schlafen sie gut. ;-D<\/p>\n\n\n\n<p>Eine wichtige Voraussetzung damit nicht nur die Kinder Spa\u00df gehabt haben, sondern auch sch\u00f6ne Fotos entstehen ist, dass dass man eine Idee davon hat, wie man eine Langzeitbelichtung anfertigt. Auch sollte die Kameraposition vorher geplant sein. Ein Stativ ist sicherlich hilfreich. Sobald der Aufnahmeort erreicht ist, tickt die Uhr, denn die Kinder wollen m\u00f6glichst schnell loslegen.  Wer dann nicht schnell ein richtig belichtetes Bild zustande bringt, hat eigentlich schon verloren. Die gute Nachricht: Langzeitbelichtungen kann man vorher \u00fcben.<\/p>\n","protected":false},"excerpt":{"rendered":"<p>&#8220;Das soll Light Painting&#8221; sein? &#8211; Nein, soll es nicht. Light Painting Bilder sind (in der Regel) genau geplant. Es gibt, im besten Fall, ein Drehbuch, welche Bewegung, wann, wie lange und wie genau ausgef\u00fchrt wird. Beim Dr\u00fccken des Ausl\u00f6sers startet dann das Beleuchtungsprogramm. Das Einzige, was bei meinen Fotos geplant war, ist die Aufnahmeposition. &hellip; <\/p>\n<p class=\"link-more\"><a href=\"https:\/\/eicks.de\/index.php\/kreative-fotografie\/light-painting-mit-kindern\/\" class=\"more-link\"><span class=\"screen-reader-text\">\u201eLight Painting mit Kindern\u201c<\/span> weiterlesen<\/a><\/p>\n","protected":false},"author":1,"featured_media":0,"parent":705,"menu_order":0,"comment_status":"closed","ping_status":"closed","template":"","meta":{"footnotes":""},"class_list":["post-806","page","type-page","status-publish","hentry"],"jetpack_sharing_enabled":true,"_links":{"self":[{"href":"https:\/\/eicks.de\/index.php\/wp-json\/wp\/v2\/pages\/806"}],"collection":[{"href":"https:\/\/eicks.de\/index.php\/wp-json\/wp\/v2\/pages"}],"about":[{"href":"https:\/\/eicks.de\/index.php\/wp-json\/wp\/v2\/types\/page"}],"author":[{"embeddable":true,"href":"https:\/\/eicks.de\/index.php\/wp-json\/wp\/v2\/users\/1"}],"replies":[{"embeddable":true,"href":"https:\/\/eicks.de\/index.php\/wp-json\/wp\/v2\/comments?post=806"}],"version-history":[{"count":0,"href":"https:\/\/eicks.de\/index.php\/wp-json\/wp\/v2\/pages\/806\/revisions"}],"up":[{"embeddable":true,"href":"https:\/\/eicks.de\/index.php\/wp-json\/wp\/v2\/pages\/705"}],"wp:attachment":[{"href":"https:\/\/eicks.de\/index.php\/wp-json\/wp\/v2\/media?parent=806"}],"curies":[{"name":"wp","href":"https:\/\/api.w.org\/{rel}","templated":true}]}}