{"id":727,"date":"2019-08-29T20:53:41","date_gmt":"2019-08-29T18:53:41","guid":{"rendered":"http:\/\/eicks.de\/?page_id=727"},"modified":"2019-09-23T20:37:43","modified_gmt":"2019-09-23T18:37:43","slug":"fliegen","status":"publish","type":"page","link":"https:\/\/eicks.de\/index.php\/kreative-fotografie\/fliegen\/","title":{"rendered":"Fliegen (Musca domestica)"},"content":{"rendered":"\n<p>Fliegen sind ziemlich unsexy. Vor allem bei einem Urlaub auf dem Lande k\u00f6nnen sie auch schnell zur Last oder Plage werden &#8211; Insektensterben hin oder her. Uns haben sie jedenfalls nach ein paar Tagen so genervt, dass wir uns diese unappetitlichen gelb\/braunen Klebefallen gekauft haben, die es schon seit Jahrzehnten gibt. \u00dcber dem Esstisch montiert konnten wir zusehen, wie die Falle ihre Wirkung tat. Nach drei Tagen war der Klebestreifen so gef\u00fcllt, dass man ihn eigentlich auswechseln musste. Dann kam mir die Idee einer Fotoserie. Den Streifen in die N\u00e4he eines Fensters montiert, damit man mit dem Licht spielen konnte. Gegenlicht, Mitlicht, Streiflicht bot schon eine F\u00fclle an Variationsm\u00f6glichkeiten. Hinzu kam noch das <a href=\"http:\/\/eicks.de\/index.php\/kreative-fotografie\/bewegung\/\">Spiel mit der Bewegung<\/a> und der Sch\u00e4rfeebene.<\/p>\n\n\n\n<ul class=\"wp-block-gallery columns-2 is-cropped wp-block-gallery-1 is-layout-flex wp-block-gallery-is-layout-flex\"><li class=\"blocks-gallery-item\"><figure><a href=\"http:\/\/eicks.de\/wp-content\/uploads\/2019\/08\/1200_20190726T084735.JPG-683x1024.jpg\"><img loading=\"lazy\" decoding=\"async\" width=\"683\" height=\"1024\" src=\"http:\/\/eicks.de\/wp-content\/uploads\/2019\/08\/1200_20190726T084735.JPG-683x1024.jpg\" alt=\"\" data-id=\"728\" data-link=\"http:\/\/eicks.de\/olympus-digital-camera-6\/\" class=\"wp-image-728\" srcset=\"https:\/\/eicks.de\/wp-content\/uploads\/2019\/08\/1200_20190726T084735.JPG-683x1024.jpg 683w, https:\/\/eicks.de\/wp-content\/uploads\/2019\/08\/1200_20190726T084735.JPG-200x300.jpg 200w, https:\/\/eicks.de\/wp-content\/uploads\/2019\/08\/1200_20190726T084735.JPG-768x1152.jpg 768w, https:\/\/eicks.de\/wp-content\/uploads\/2019\/08\/1200_20190726T084735.JPG.jpg 800w\" sizes=\"(max-width: 683px) 100vw, 683px\" \/><\/a><\/figure><\/li><li class=\"blocks-gallery-item\"><figure><a href=\"http:\/\/eicks.de\/wp-content\/uploads\/2019\/08\/1200_20190729T165137.JPG-683x1024.jpg\"><img loading=\"lazy\" decoding=\"async\" width=\"683\" height=\"1024\" src=\"http:\/\/eicks.de\/wp-content\/uploads\/2019\/08\/1200_20190729T165137.JPG-683x1024.jpg\" alt=\"\" data-id=\"741\" data-link=\"http:\/\/eicks.de\/olympus-digital-camera-19\/\" class=\"wp-image-741\" srcset=\"https:\/\/eicks.de\/wp-content\/uploads\/2019\/08\/1200_20190729T165137.JPG-683x1024.jpg 683w, https:\/\/eicks.de\/wp-content\/uploads\/2019\/08\/1200_20190729T165137.JPG-200x300.jpg 200w, https:\/\/eicks.de\/wp-content\/uploads\/2019\/08\/1200_20190729T165137.JPG-768x1152.jpg 768w, https:\/\/eicks.de\/wp-content\/uploads\/2019\/08\/1200_20190729T165137.JPG.jpg 800w\" sizes=\"(max-width: 683px) 100vw, 683px\" \/><\/a><\/figure><\/li><li class=\"blocks-gallery-item\"><figure><a href=\"http:\/\/eicks.de\/wp-content\/uploads\/2019\/08\/1200_20190728T215626.JPG-683x1024.jpg\"><img loading=\"lazy\" decoding=\"async\" width=\"683\" height=\"1024\" src=\"http:\/\/eicks.de\/wp-content\/uploads\/2019\/08\/1200_20190728T215626.JPG-683x1024.jpg\" alt=\"\" data-id=\"740\" data-link=\"http:\/\/eicks.de\/olympus-digital-camera-18\/\" class=\"wp-image-740\" srcset=\"https:\/\/eicks.de\/wp-content\/uploads\/2019\/08\/1200_20190728T215626.JPG-683x1024.jpg 683w, https:\/\/eicks.de\/wp-content\/uploads\/2019\/08\/1200_20190728T215626.JPG-200x300.jpg 200w, https:\/\/eicks.de\/wp-content\/uploads\/2019\/08\/1200_20190728T215626.JPG-768x1152.jpg 768w, https:\/\/eicks.de\/wp-content\/uploads\/2019\/08\/1200_20190728T215626.JPG.jpg 800w\" sizes=\"(max-width: 683px) 100vw, 683px\" \/><\/a><\/figure><\/li><li class=\"blocks-gallery-item\"><figure><a href=\"http:\/\/eicks.de\/wp-content\/uploads\/2019\/08\/1200_20190727T152306.JPG-683x1024.jpg\"><img loading=\"lazy\" decoding=\"async\" width=\"683\" height=\"1024\" src=\"http:\/\/eicks.de\/wp-content\/uploads\/2019\/08\/1200_20190727T152306.JPG-683x1024.jpg\" alt=\"\" data-id=\"739\" data-link=\"http:\/\/eicks.de\/olympus-digital-camera-17\/\" class=\"wp-image-739\" srcset=\"https:\/\/eicks.de\/wp-content\/uploads\/2019\/08\/1200_20190727T152306.JPG-683x1024.jpg 683w, https:\/\/eicks.de\/wp-content\/uploads\/2019\/08\/1200_20190727T152306.JPG-200x300.jpg 200w, https:\/\/eicks.de\/wp-content\/uploads\/2019\/08\/1200_20190727T152306.JPG-768x1152.jpg 768w, https:\/\/eicks.de\/wp-content\/uploads\/2019\/08\/1200_20190727T152306.JPG.jpg 800w\" sizes=\"(max-width: 683px) 100vw, 683px\" \/><\/a><\/figure><\/li><li class=\"blocks-gallery-item\"><figure><a href=\"http:\/\/eicks.de\/wp-content\/uploads\/2019\/08\/1200_20190727T151757.JPG-683x1024.jpg\"><img loading=\"lazy\" decoding=\"async\" width=\"683\" height=\"1024\" src=\"http:\/\/eicks.de\/wp-content\/uploads\/2019\/08\/1200_20190727T151757.JPG-683x1024.jpg\" alt=\"\" data-id=\"738\" data-link=\"http:\/\/eicks.de\/olympus-digital-camera-16\/\" class=\"wp-image-738\" srcset=\"https:\/\/eicks.de\/wp-content\/uploads\/2019\/08\/1200_20190727T151757.JPG-683x1024.jpg 683w, https:\/\/eicks.de\/wp-content\/uploads\/2019\/08\/1200_20190727T151757.JPG-200x300.jpg 200w, https:\/\/eicks.de\/wp-content\/uploads\/2019\/08\/1200_20190727T151757.JPG-768x1152.jpg 768w, https:\/\/eicks.de\/wp-content\/uploads\/2019\/08\/1200_20190727T151757.JPG.jpg 800w\" sizes=\"(max-width: 683px) 100vw, 683px\" \/><\/a><\/figure><\/li><li class=\"blocks-gallery-item\"><figure><a href=\"http:\/\/eicks.de\/wp-content\/uploads\/2019\/08\/1200_20190727T151534.JPG-683x1024.jpg\"><img loading=\"lazy\" decoding=\"async\" width=\"683\" height=\"1024\" src=\"http:\/\/eicks.de\/wp-content\/uploads\/2019\/08\/1200_20190727T151534.JPG-683x1024.jpg\" alt=\"\" data-id=\"737\" data-link=\"http:\/\/eicks.de\/olympus-digital-camera-15\/\" class=\"wp-image-737\" srcset=\"https:\/\/eicks.de\/wp-content\/uploads\/2019\/08\/1200_20190727T151534.JPG-683x1024.jpg 683w, https:\/\/eicks.de\/wp-content\/uploads\/2019\/08\/1200_20190727T151534.JPG-200x300.jpg 200w, https:\/\/eicks.de\/wp-content\/uploads\/2019\/08\/1200_20190727T151534.JPG-768x1152.jpg 768w, https:\/\/eicks.de\/wp-content\/uploads\/2019\/08\/1200_20190727T151534.JPG.jpg 800w\" sizes=\"(max-width: 683px) 100vw, 683px\" \/><\/a><\/figure><\/li><li class=\"blocks-gallery-item\"><figure><a href=\"http:\/\/eicks.de\/wp-content\/uploads\/2019\/08\/1200_20190726T091202.JPG-683x1024.jpg\"><img loading=\"lazy\" decoding=\"async\" width=\"683\" height=\"1024\" src=\"http:\/\/eicks.de\/wp-content\/uploads\/2019\/08\/1200_20190726T091202.JPG-683x1024.jpg\" alt=\"\" data-id=\"736\" data-link=\"http:\/\/eicks.de\/olympus-digital-camera-14\/\" class=\"wp-image-736\" srcset=\"https:\/\/eicks.de\/wp-content\/uploads\/2019\/08\/1200_20190726T091202.JPG-683x1024.jpg 683w, https:\/\/eicks.de\/wp-content\/uploads\/2019\/08\/1200_20190726T091202.JPG-200x300.jpg 200w, https:\/\/eicks.de\/wp-content\/uploads\/2019\/08\/1200_20190726T091202.JPG-768x1152.jpg 768w, https:\/\/eicks.de\/wp-content\/uploads\/2019\/08\/1200_20190726T091202.JPG.jpg 800w\" sizes=\"(max-width: 683px) 100vw, 683px\" \/><\/a><\/figure><\/li><li class=\"blocks-gallery-item\"><figure><a href=\"http:\/\/eicks.de\/wp-content\/uploads\/2019\/08\/1200_20190726T090946.JPG-683x1024.jpg\"><img loading=\"lazy\" decoding=\"async\" width=\"683\" height=\"1024\" src=\"http:\/\/eicks.de\/wp-content\/uploads\/2019\/08\/1200_20190726T090946.JPG-683x1024.jpg\" alt=\"\" data-id=\"735\" data-link=\"http:\/\/eicks.de\/olympus-digital-camera-13\/\" class=\"wp-image-735\" srcset=\"https:\/\/eicks.de\/wp-content\/uploads\/2019\/08\/1200_20190726T090946.JPG-683x1024.jpg 683w, https:\/\/eicks.de\/wp-content\/uploads\/2019\/08\/1200_20190726T090946.JPG-200x300.jpg 200w, https:\/\/eicks.de\/wp-content\/uploads\/2019\/08\/1200_20190726T090946.JPG-768x1152.jpg 768w, https:\/\/eicks.de\/wp-content\/uploads\/2019\/08\/1200_20190726T090946.JPG.jpg 800w\" sizes=\"(max-width: 683px) 100vw, 683px\" \/><\/a><\/figure><\/li><li class=\"blocks-gallery-item\"><figure><a href=\"http:\/\/eicks.de\/wp-content\/uploads\/2019\/08\/1200_20190726T090729.JPG-683x1024.jpg\"><img loading=\"lazy\" decoding=\"async\" width=\"683\" height=\"1024\" src=\"http:\/\/eicks.de\/wp-content\/uploads\/2019\/08\/1200_20190726T090729.JPG-683x1024.jpg\" alt=\"\" data-id=\"734\" data-link=\"http:\/\/eicks.de\/olympus-digital-camera-12\/\" class=\"wp-image-734\" srcset=\"https:\/\/eicks.de\/wp-content\/uploads\/2019\/08\/1200_20190726T090729.JPG-683x1024.jpg 683w, https:\/\/eicks.de\/wp-content\/uploads\/2019\/08\/1200_20190726T090729.JPG-200x300.jpg 200w, https:\/\/eicks.de\/wp-content\/uploads\/2019\/08\/1200_20190726T090729.JPG-768x1152.jpg 768w, https:\/\/eicks.de\/wp-content\/uploads\/2019\/08\/1200_20190726T090729.JPG.jpg 800w\" sizes=\"(max-width: 683px) 100vw, 683px\" \/><\/a><\/figure><\/li><li class=\"blocks-gallery-item\"><figure><a href=\"http:\/\/eicks.de\/wp-content\/uploads\/2019\/08\/1200_20190726T090431.JPG-683x1024.jpg\"><img loading=\"lazy\" decoding=\"async\" width=\"683\" height=\"1024\" src=\"http:\/\/eicks.de\/wp-content\/uploads\/2019\/08\/1200_20190726T090431.JPG-683x1024.jpg\" alt=\"\" data-id=\"733\" data-link=\"http:\/\/eicks.de\/olympus-digital-camera-11\/\" class=\"wp-image-733\" srcset=\"https:\/\/eicks.de\/wp-content\/uploads\/2019\/08\/1200_20190726T090431.JPG-683x1024.jpg 683w, https:\/\/eicks.de\/wp-content\/uploads\/2019\/08\/1200_20190726T090431.JPG-200x300.jpg 200w, https:\/\/eicks.de\/wp-content\/uploads\/2019\/08\/1200_20190726T090431.JPG-768x1152.jpg 768w, https:\/\/eicks.de\/wp-content\/uploads\/2019\/08\/1200_20190726T090431.JPG.jpg 800w\" sizes=\"(max-width: 683px) 100vw, 683px\" \/><\/a><\/figure><\/li><li class=\"blocks-gallery-item\"><figure><a href=\"http:\/\/eicks.de\/wp-content\/uploads\/2019\/08\/1200_20190726T090230.JPG-683x1024.jpg\"><img loading=\"lazy\" decoding=\"async\" width=\"683\" height=\"1024\" src=\"http:\/\/eicks.de\/wp-content\/uploads\/2019\/08\/1200_20190726T090230.JPG-683x1024.jpg\" alt=\"\" data-id=\"732\" data-link=\"http:\/\/eicks.de\/olympus-digital-camera-10\/\" class=\"wp-image-732\" srcset=\"https:\/\/eicks.de\/wp-content\/uploads\/2019\/08\/1200_20190726T090230.JPG-683x1024.jpg 683w, https:\/\/eicks.de\/wp-content\/uploads\/2019\/08\/1200_20190726T090230.JPG-200x300.jpg 200w, https:\/\/eicks.de\/wp-content\/uploads\/2019\/08\/1200_20190726T090230.JPG-768x1152.jpg 768w, https:\/\/eicks.de\/wp-content\/uploads\/2019\/08\/1200_20190726T090230.JPG.jpg 800w\" sizes=\"(max-width: 683px) 100vw, 683px\" \/><\/a><\/figure><\/li><li class=\"blocks-gallery-item\"><figure><a href=\"http:\/\/eicks.de\/wp-content\/uploads\/2019\/08\/1200_20190726T090143.JPG-683x1024.jpg\"><img loading=\"lazy\" decoding=\"async\" width=\"683\" height=\"1024\" src=\"http:\/\/eicks.de\/wp-content\/uploads\/2019\/08\/1200_20190726T090143.JPG-683x1024.jpg\" alt=\"\" data-id=\"731\" data-link=\"http:\/\/eicks.de\/olympus-digital-camera-9\/\" class=\"wp-image-731\" srcset=\"https:\/\/eicks.de\/wp-content\/uploads\/2019\/08\/1200_20190726T090143.JPG-683x1024.jpg 683w, https:\/\/eicks.de\/wp-content\/uploads\/2019\/08\/1200_20190726T090143.JPG-200x300.jpg 200w, https:\/\/eicks.de\/wp-content\/uploads\/2019\/08\/1200_20190726T090143.JPG-768x1152.jpg 768w, https:\/\/eicks.de\/wp-content\/uploads\/2019\/08\/1200_20190726T090143.JPG.jpg 800w\" sizes=\"(max-width: 683px) 100vw, 683px\" \/><\/a><\/figure><\/li><li class=\"blocks-gallery-item\"><figure><a href=\"http:\/\/eicks.de\/wp-content\/uploads\/2019\/08\/1200_20190726T085916.JPG-683x1024.jpg\"><img loading=\"lazy\" decoding=\"async\" width=\"683\" height=\"1024\" src=\"http:\/\/eicks.de\/wp-content\/uploads\/2019\/08\/1200_20190726T085916.JPG-683x1024.jpg\" alt=\"\" data-id=\"730\" data-link=\"http:\/\/eicks.de\/olympus-digital-camera-8\/\" class=\"wp-image-730\" srcset=\"https:\/\/eicks.de\/wp-content\/uploads\/2019\/08\/1200_20190726T085916.JPG-683x1024.jpg 683w, https:\/\/eicks.de\/wp-content\/uploads\/2019\/08\/1200_20190726T085916.JPG-200x300.jpg 200w, https:\/\/eicks.de\/wp-content\/uploads\/2019\/08\/1200_20190726T085916.JPG-768x1152.jpg 768w, https:\/\/eicks.de\/wp-content\/uploads\/2019\/08\/1200_20190726T085916.JPG.jpg 800w\" sizes=\"(max-width: 683px) 100vw, 683px\" \/><\/a><\/figure><\/li><li class=\"blocks-gallery-item\"><figure><a href=\"http:\/\/eicks.de\/wp-content\/uploads\/2019\/08\/1200_20190726T085758.JPG-683x1024.jpg\"><img loading=\"lazy\" decoding=\"async\" width=\"683\" height=\"1024\" src=\"http:\/\/eicks.de\/wp-content\/uploads\/2019\/08\/1200_20190726T085758.JPG-683x1024.jpg\" alt=\"\" data-id=\"729\" data-link=\"http:\/\/eicks.de\/olympus-digital-camera-7\/\" class=\"wp-image-729\" srcset=\"https:\/\/eicks.de\/wp-content\/uploads\/2019\/08\/1200_20190726T085758.JPG-683x1024.jpg 683w, https:\/\/eicks.de\/wp-content\/uploads\/2019\/08\/1200_20190726T085758.JPG-200x300.jpg 200w, https:\/\/eicks.de\/wp-content\/uploads\/2019\/08\/1200_20190726T085758.JPG-768x1152.jpg 768w, https:\/\/eicks.de\/wp-content\/uploads\/2019\/08\/1200_20190726T085758.JPG.jpg 800w\" sizes=\"(max-width: 683px) 100vw, 683px\" \/><\/a><\/figure><\/li><\/ul>\n\n\n\n<p>Keines der Fotos wurde im Nachhinein am Computer bearbeitet.<\/p>\n\n\n\n<p><a href=\"http:\/\/eicks.de\/index.php\/kreative-fotografie\/fliegen\/praesentation\/\">Eindr\u00fccke der Pr\u00e4sentation<\/a><\/p>\n","protected":false},"excerpt":{"rendered":"<p>Fliegen sind ziemlich unsexy. Vor allem bei einem Urlaub auf dem Lande k\u00f6nnen sie auch schnell zur Last oder Plage werden &#8211; Insektensterben hin oder her. Uns haben sie jedenfalls nach ein paar Tagen so genervt, dass wir uns diese unappetitlichen gelb\/braunen Klebefallen gekauft haben, die es schon seit Jahrzehnten gibt. \u00dcber dem Esstisch montiert &hellip; <\/p>\n<p class=\"link-more\"><a href=\"https:\/\/eicks.de\/index.php\/kreative-fotografie\/fliegen\/\" class=\"more-link\"><span class=\"screen-reader-text\">\u201eFliegen (Musca domestica)\u201c<\/span> weiterlesen<\/a><\/p>\n","protected":false},"author":1,"featured_media":0,"parent":705,"menu_order":0,"comment_status":"closed","ping_status":"closed","template":"","meta":{"footnotes":""},"class_list":["post-727","page","type-page","status-publish","hentry"],"jetpack_sharing_enabled":true,"_links":{"self":[{"href":"https:\/\/eicks.de\/index.php\/wp-json\/wp\/v2\/pages\/727"}],"collection":[{"href":"https:\/\/eicks.de\/index.php\/wp-json\/wp\/v2\/pages"}],"about":[{"href":"https:\/\/eicks.de\/index.php\/wp-json\/wp\/v2\/types\/page"}],"author":[{"embeddable":true,"href":"https:\/\/eicks.de\/index.php\/wp-json\/wp\/v2\/users\/1"}],"replies":[{"embeddable":true,"href":"https:\/\/eicks.de\/index.php\/wp-json\/wp\/v2\/comments?post=727"}],"version-history":[{"count":0,"href":"https:\/\/eicks.de\/index.php\/wp-json\/wp\/v2\/pages\/727\/revisions"}],"up":[{"embeddable":true,"href":"https:\/\/eicks.de\/index.php\/wp-json\/wp\/v2\/pages\/705"}],"wp:attachment":[{"href":"https:\/\/eicks.de\/index.php\/wp-json\/wp\/v2\/media?parent=727"}],"curies":[{"name":"wp","href":"https:\/\/api.w.org\/{rel}","templated":true}]}}